{"id":102,"date":"2017-04-14T19:13:44","date_gmt":"2017-04-14T17:13:44","guid":{"rendered":"https:\/\/www.spvgg-roehrmoos.de\/wp\/?page_id=102"},"modified":"2025-09-22T13:12:52","modified_gmt":"2025-09-22T11:12:52","slug":"c-jugend","status":"publish","type":"page","link":"https:\/\/www.spvgg-roehrmoos.de\/wp\/abteilungen\/fussball\/fussball-jugend\/c-jugend\/","title":{"rendered":"C-Jugend"},"content":{"rendered":"<div class=\"wpb-content-wrapper\">[vc_row][vc_column][vc_tabs style=&#8220;simple&#8220; responsive=&#8220;false&#8220; container_bg_color=&#8220;#ffffff&#8220;][vc_tab title=&#8220;C1-Jugend&#8220; tab_id=&#8220;1726063234383-2-1&#8243;][vc_text_separator title=&#8220;SG Ampermoching \/ R\u00f6hrmoos \/ Hebertshausen&#8220;][vc_text_separator title=&#8220;Jahrgang 2011 &#8211; U15&#8243; css=&#8220;&#8220;][vc_single_image image=&#8220;5556&#8243; img_size=&#8220;1024&#215;437&#8243; alignment=&#8220;center&#8220;][vc_text_separator title=&#8220;Ihre Ansprechpartner&#8220; css=&#8220;.vc_custom_1493480766956{padding-top: 20px !important;}&#8220;][mk_employees column=&#8220;1&#8243; custom_image_size=&#8220;true&#8220; image_size=&#8220;medium&#8220; rounded_image=&#8220;false&#8220; grayscale_image=&#8220;false&#8220; count=&#8220;1&#8243; employees=&#8220;319&#8243;][\/vc_tab][vc_tab title=&#8220;C2\/C3-Jugend&#8220; tab_id=&#8220;1695388377807-3-2&#8243;][vc_text_separator title=&#8220;SG Ampermoching \/ R\u00f6hrmoos \/ Hebertshausen&#8220;][vc_text_separator title=&#8220;Jahrgang 2012 &#8211; U14-I \/ U14-II&#8220; css=&#8220;&#8220;][vc_single_image image=&#8220;6496&#8243; img_size=&#8220;1024&#215;437&#8243; alignment=&#8220;center&#8220; css=&#8220;&#8220;][vc_single_image image=&#8220;6498&#8243; img_size=&#8220;1024&#215;437&#8243; alignment=&#8220;center&#8220; css=&#8220;&#8220;][vc_text_separator title=&#8220;Ihre Ansprechpartner&#8220; css=&#8220;.vc_custom_1493480766956{padding-top: 20px !important;}&#8220;][mk_employees column=&#8220;1&#8243; custom_image_size=&#8220;true&#8220; image_size=&#8220;medium&#8220; rounded_image=&#8220;false&#8220; grayscale_image=&#8220;false&#8220; count=&#8220;1&#8243; employees=&#8220;6493&#8243;][\/vc_tab][vc_tab title=&#8220;C-Juniorinnen&#8220; tab_id=&#8220;1726063425804-2-8&#8243;][vc_text_separator title=&#8220;SG Schwabhausen\/R\u00f6hrmoos&#8220;][vc_single_image image=&#8220;5768&#8243; img_size=&#8220;1024&#215;437&#8243; alignment=&#8220;center&#8220;][vc_text_separator title=&#8220;Ihre Ansprechpartner&#8220; css=&#8220;.vc_custom_1493480766956{padding-top: 20px !important;}&#8220;][mk_employees column=&#8220;1&#8243; custom_image_size=&#8220;true&#8220; image_size=&#8220;medium&#8220; rounded_image=&#8220;false&#8220; grayscale_image=&#8220;false&#8220; count=&#8220;1&#8243; employees=&#8220;7169&#8243;][\/vc_tab][\/vc_tabs][\/vc_column][\/vc_row]\n<\/div>","protected":false},"excerpt":{"rendered":"<p>[vc_row][vc_column][vc_tabs style=&#8220;simple&#8220; responsive=&#8220;false&#8220; container_bg_color=&#8220;#ffffff&#8220;][vc_tab title=&#8220;C1-Jugend&#8220; tab_id=&#8220;1726063234383-2-1&#8243;][vc_text_separator title=&#8220;SG Ampermoching \/ R\u00f6hrmoos \/ Hebertshausen&#8220;][vc_text_separator title=&#8220;Jahrgang 2011 &#8211; U15&#8243; css=&#8220;&#8220;][vc_single_image image=&#8220;5556&#8243; img_size=&#8220;1024&#215;437&#8243; alignment=&#8220;center&#8220;][vc_text_separator title=&#8220;Ihre Ansprechpartner&#8220; css=&#8220;.vc_custom_1493480766956{padding-top: 20px !important;}&#8220;][mk_employees column=&#8220;1&#8243; custom_image_size=&#8220;true&#8220; image_size=&#8220;medium&#8220; rounded_image=&#8220;false&#8220; grayscale_image=&#8220;false&#8220; count=&#8220;1&#8243; employees=&#8220;319&#8243;][\/vc_tab][vc_tab title=&#8220;C2\/C3-Jugend&#8220; tab_id=&#8220;1695388377807-3-2&#8243;][vc_text_separator title=&#8220;SG Ampermoching \/ R\u00f6hrmoos \/ Hebertshausen&#8220;][vc_text_separator title=&#8220;Jahrgang 2012 &#8211; U14-I \/ U14-II&#8220; css=&#8220;&#8220;][vc_single_image image=&#8220;6496&#8243; img_size=&#8220;1024&#215;437&#8243; alignment=&#8220;center&#8220; css=&#8220;&#8220;][vc_single_image image=&#8220;6498&#8243; img_size=&#8220;1024&#215;437&#8243; alignment=&#8220;center&#8220; css=&#8220;&#8220;][vc_text_separator [&hellip;]<\/p>\n","protected":false},"author":1,"featured_media":1050,"parent":95,"menu_order":15,"comment_status":"closed","ping_status":"closed","template":"","meta":{"footnotes":""},"class_list":["post-102","page","type-page","status-publish","has-post-thumbnail","hentry"],"yoast_head":"<!-- This site is optimized with the Yoast SEO plugin v27.4 - https:\/\/yoast.com\/product\/yoast-seo-wordpress\/ -->\n<title>C-Jugend - SpVgg R\u00f6hrmoos-Gro\u00dfinzemoos e.V.<\/title>\n<meta name=\"robots\" content=\"index, follow, max-snippet:-1, max-image-preview:large, max-video-preview:-1\" \/>\n<link rel=\"canonical\" href=\"https:\/\/www.spvgg-roehrmoos.de\/wp\/abteilungen\/fussball\/fussball-jugend\/c-jugend\/\" \/>\n<meta property=\"og:locale\" content=\"de_DE\" \/>\n<meta property=\"og:type\" content=\"article\" \/>\n<meta property=\"og:title\" content=\"C-Jugend - SpVgg R\u00f6hrmoos-Gro\u00dfinzemoos e.V.\" \/>\n<meta property=\"og:description\" content=\"[vc_row][vc_column][vc_tabs style=&#8220;simple&#8220; responsive=&#8220;false&#8220; container_bg_color=&#8220;#ffffff&#8220;][vc_tab title=&#8220;C1-Jugend&#8220; tab_id=&#8220;1726063234383-2-1&#8243;][vc_text_separator title=&#8220;SG Ampermoching \/ R\u00f6hrmoos \/ Hebertshausen&#8220;][vc_text_separator title=&#8220;Jahrgang 2011 &#8211; U15&#8243; css=&#8220;&#8220;][vc_single_image image=&#8220;5556&#8243; img_size=&#8220;1024&#215;437&#8243; alignment=&#8220;center&#8220;][vc_text_separator title=&#8220;Ihre Ansprechpartner&#8220; css=&#8220;.vc_custom_1493480766956{padding-top: 20px !important;}&#8220;][mk_employees column=&#8220;1&#8243; custom_image_size=&#8220;true&#8220; image_size=&#8220;medium&#8220; rounded_image=&#8220;false&#8220; grayscale_image=&#8220;false&#8220; count=&#8220;1&#8243; employees=&#8220;319&#8243;][\/vc_tab][vc_tab title=&#8220;C2\/C3-Jugend&#8220; tab_id=&#8220;1695388377807-3-2&#8243;][vc_text_separator title=&#8220;SG Ampermoching \/ R\u00f6hrmoos \/ Hebertshausen&#8220;][vc_text_separator title=&#8220;Jahrgang 2012 &#8211; U14-I \/ U14-II&#8220; css=&#8220;&#8220;][vc_single_image image=&#8220;6496&#8243; img_size=&#8220;1024&#215;437&#8243; alignment=&#8220;center&#8220; css=&#8220;&#8220;][vc_single_image image=&#8220;6498&#8243; img_size=&#8220;1024&#215;437&#8243; alignment=&#8220;center&#8220; css=&#8220;&#8220;][vc_text_separator [&hellip;]\" \/>\n<meta property=\"og:url\" content=\"https:\/\/www.spvgg-roehrmoos.de\/wp\/abteilungen\/fussball\/fussball-jugend\/c-jugend\/\" \/>\n<meta property=\"og:site_name\" content=\"SpVgg R\u00f6hrmoos-Gro\u00dfinzemoos e.V.\" \/>\n<meta property=\"article:modified_time\" content=\"2025-09-22T11:12:52+00:00\" \/>\n<meta property=\"og:image\" content=\"https:\/\/www.spvgg-roehrmoos.de\/wp\/wp-content\/uploads\/bild_c1_2017-1024x683.jpg\" \/>\n\t<meta property=\"og:image:width\" content=\"1024\" \/>\n\t<meta property=\"og:image:height\" content=\"683\" \/>\n\t<meta property=\"og:image:type\" content=\"image\/jpeg\" \/>\n<meta name=\"twitter:card\" content=\"summary_large_image\" \/>\n<meta name=\"twitter:label1\" content=\"Gesch\u00e4tzte Lesezeit\" \/>\n\t<meta name=\"twitter:data1\" content=\"2\u00a0Minuten\" \/>\n<script type=\"application\/ld+json\" class=\"yoast-schema-graph\">{\"@context\":\"https:\\\/\\\/schema.org\",\"@graph\":[{\"@type\":\"WebPage\",\"@id\":\"https:\\\/\\\/www.spvgg-roehrmoos.de\\\/wp\\\/abteilungen\\\/fussball\\\/fussball-jugend\\\/c-jugend\\\/\",\"url\":\"https:\\\/\\\/www.spvgg-roehrmoos.de\\\/wp\\\/abteilungen\\\/fussball\\\/fussball-jugend\\\/c-jugend\\\/\",\"name\":\"C-Jugend - SpVgg R\u00f6hrmoos-Gro\u00dfinzemoos e.V.\",\"isPartOf\":{\"@id\":\"https:\\\/\\\/www.spvgg-roehrmoos.de\\\/wp\\\/#website\"},\"primaryImageOfPage\":{\"@id\":\"https:\\\/\\\/www.spvgg-roehrmoos.de\\\/wp\\\/abteilungen\\\/fussball\\\/fussball-jugend\\\/c-jugend\\\/#primaryimage\"},\"image\":{\"@id\":\"https:\\\/\\\/www.spvgg-roehrmoos.de\\\/wp\\\/abteilungen\\\/fussball\\\/fussball-jugend\\\/c-jugend\\\/#primaryimage\"},\"thumbnailUrl\":\"https:\\\/\\\/www.spvgg-roehrmoos.de\\\/wp\\\/wp-content\\\/uploads\\\/bild_c1_2017.jpg\",\"datePublished\":\"2017-04-14T17:13:44+00:00\",\"dateModified\":\"2025-09-22T11:12:52+00:00\",\"breadcrumb\":{\"@id\":\"https:\\\/\\\/www.spvgg-roehrmoos.de\\\/wp\\\/abteilungen\\\/fussball\\\/fussball-jugend\\\/c-jugend\\\/#breadcrumb\"},\"inLanguage\":\"de\",\"potentialAction\":[{\"@type\":\"ReadAction\",\"target\":[\"https:\\\/\\\/www.spvgg-roehrmoos.de\\\/wp\\\/abteilungen\\\/fussball\\\/fussball-jugend\\\/c-jugend\\\/\"]}]},{\"@type\":\"ImageObject\",\"inLanguage\":\"de\",\"@id\":\"https:\\\/\\\/www.spvgg-roehrmoos.de\\\/wp\\\/abteilungen\\\/fussball\\\/fussball-jugend\\\/c-jugend\\\/#primaryimage\",\"url\":\"https:\\\/\\\/www.spvgg-roehrmoos.de\\\/wp\\\/wp-content\\\/uploads\\\/bild_c1_2017.jpg\",\"contentUrl\":\"https:\\\/\\\/www.spvgg-roehrmoos.de\\\/wp\\\/wp-content\\\/uploads\\\/bild_c1_2017.jpg\",\"width\":2909,\"height\":1940},{\"@type\":\"BreadcrumbList\",\"@id\":\"https:\\\/\\\/www.spvgg-roehrmoos.de\\\/wp\\\/abteilungen\\\/fussball\\\/fussball-jugend\\\/c-jugend\\\/#breadcrumb\",\"itemListElement\":[{\"@type\":\"ListItem\",\"position\":1,\"name\":\"Startseite\",\"item\":\"https:\\\/\\\/www.spvgg-roehrmoos.de\\\/wp\\\/\"},{\"@type\":\"ListItem\",\"position\":2,\"name\":\"Abteilungen\",\"item\":\"https:\\\/\\\/www.spvgg-roehrmoos.de\\\/wp\\\/abteilungen\\\/\"},{\"@type\":\"ListItem\",\"position\":3,\"name\":\"Fu\u00dfball\",\"item\":\"https:\\\/\\\/www.spvgg-roehrmoos.de\\\/wp\\\/abteilungen\\\/fussball\\\/\"},{\"@type\":\"ListItem\",\"position\":4,\"name\":\"Fu\u00dfball Jugend\",\"item\":\"https:\\\/\\\/www.spvgg-roehrmoos.de\\\/wp\\\/abteilungen\\\/fussball\\\/fussball-jugend\\\/\"},{\"@type\":\"ListItem\",\"position\":5,\"name\":\"C-Jugend\"}]},{\"@type\":\"WebSite\",\"@id\":\"https:\\\/\\\/www.spvgg-roehrmoos.de\\\/wp\\\/#website\",\"url\":\"https:\\\/\\\/www.spvgg-roehrmoos.de\\\/wp\\\/\",\"name\":\"SpVgg R\u00f6hrmoos-Gro\u00dfinzemoos e.V.\",\"description\":\"Ihr Sportverein bei Dachau im Norden von M\u00fcnchen\",\"publisher\":{\"@id\":\"https:\\\/\\\/www.spvgg-roehrmoos.de\\\/wp\\\/#organization\"},\"potentialAction\":[{\"@type\":\"SearchAction\",\"target\":{\"@type\":\"EntryPoint\",\"urlTemplate\":\"https:\\\/\\\/www.spvgg-roehrmoos.de\\\/wp\\\/?s={search_term_string}\"},\"query-input\":{\"@type\":\"PropertyValueSpecification\",\"valueRequired\":true,\"valueName\":\"search_term_string\"}}],\"inLanguage\":\"de\"},{\"@type\":\"Organization\",\"@id\":\"https:\\\/\\\/www.spvgg-roehrmoos.de\\\/wp\\\/#organization\",\"name\":\"SpVgg R\u00f6hrmoos-Gro\u00dfinzemoos e.V.\",\"url\":\"https:\\\/\\\/www.spvgg-roehrmoos.de\\\/wp\\\/\",\"logo\":{\"@type\":\"ImageObject\",\"inLanguage\":\"de\",\"@id\":\"https:\\\/\\\/www.spvgg-roehrmoos.de\\\/wp\\\/#\\\/schema\\\/logo\\\/image\\\/\",\"url\":\"https:\\\/\\\/www.spvgg-roehrmoos.de\\\/wp\\\/wp-content\\\/uploads\\\/logo_260x260.png\",\"contentUrl\":\"https:\\\/\\\/www.spvgg-roehrmoos.de\\\/wp\\\/wp-content\\\/uploads\\\/logo_260x260.png\",\"width\":260,\"height\":260,\"caption\":\"SpVgg R\u00f6hrmoos-Gro\u00dfinzemoos e.V.\"},\"image\":{\"@id\":\"https:\\\/\\\/www.spvgg-roehrmoos.de\\\/wp\\\/#\\\/schema\\\/logo\\\/image\\\/\"}}]}<\/script>\n<!-- \/ Yoast SEO plugin. -->","yoast_head_json":{"title":"C-Jugend - SpVgg R\u00f6hrmoos-Gro\u00dfinzemoos e.V.","robots":{"index":"index","follow":"follow","max-snippet":"max-snippet:-1","max-image-preview":"max-image-preview:large","max-video-preview":"max-video-preview:-1"},"canonical":"https:\/\/www.spvgg-roehrmoos.de\/wp\/abteilungen\/fussball\/fussball-jugend\/c-jugend\/","og_locale":"de_DE","og_type":"article","og_title":"C-Jugend - SpVgg R\u00f6hrmoos-Gro\u00dfinzemoos e.V.","og_description":"[vc_row][vc_column][vc_tabs style=&#8220;simple&#8220; responsive=&#8220;false&#8220; container_bg_color=&#8220;#ffffff&#8220;][vc_tab title=&#8220;C1-Jugend&#8220; tab_id=&#8220;1726063234383-2-1&#8243;][vc_text_separator title=&#8220;SG Ampermoching \/ R\u00f6hrmoos \/ Hebertshausen&#8220;][vc_text_separator title=&#8220;Jahrgang 2011 &#8211; U15&#8243; css=&#8220;&#8220;][vc_single_image image=&#8220;5556&#8243; img_size=&#8220;1024&#215;437&#8243; alignment=&#8220;center&#8220;][vc_text_separator title=&#8220;Ihre Ansprechpartner&#8220; css=&#8220;.vc_custom_1493480766956{padding-top: 20px !important;}&#8220;][mk_employees column=&#8220;1&#8243; custom_image_size=&#8220;true&#8220; image_size=&#8220;medium&#8220; rounded_image=&#8220;false&#8220; grayscale_image=&#8220;false&#8220; count=&#8220;1&#8243; employees=&#8220;319&#8243;][\/vc_tab][vc_tab title=&#8220;C2\/C3-Jugend&#8220; tab_id=&#8220;1695388377807-3-2&#8243;][vc_text_separator title=&#8220;SG Ampermoching \/ R\u00f6hrmoos \/ Hebertshausen&#8220;][vc_text_separator title=&#8220;Jahrgang 2012 &#8211; U14-I \/ U14-II&#8220; css=&#8220;&#8220;][vc_single_image image=&#8220;6496&#8243; img_size=&#8220;1024&#215;437&#8243; alignment=&#8220;center&#8220; css=&#8220;&#8220;][vc_single_image image=&#8220;6498&#8243; img_size=&#8220;1024&#215;437&#8243; alignment=&#8220;center&#8220; css=&#8220;&#8220;][vc_text_separator [&hellip;]","og_url":"https:\/\/www.spvgg-roehrmoos.de\/wp\/abteilungen\/fussball\/fussball-jugend\/c-jugend\/","og_site_name":"SpVgg R\u00f6hrmoos-Gro\u00dfinzemoos e.V.","article_modified_time":"2025-09-22T11:12:52+00:00","og_image":[{"width":1024,"height":683,"url":"https:\/\/www.spvgg-roehrmoos.de\/wp\/wp-content\/uploads\/bild_c1_2017-1024x683.jpg","type":"image\/jpeg"}],"twitter_card":"summary_large_image","twitter_misc":{"Gesch\u00e4tzte Lesezeit":"2\u00a0Minuten"},"schema":{"@context":"https:\/\/schema.org","@graph":[{"@type":"WebPage","@id":"https:\/\/www.spvgg-roehrmoos.de\/wp\/abteilungen\/fussball\/fussball-jugend\/c-jugend\/","url":"https:\/\/www.spvgg-roehrmoos.de\/wp\/abteilungen\/fussball\/fussball-jugend\/c-jugend\/","name":"C-Jugend - SpVgg R\u00f6hrmoos-Gro\u00dfinzemoos e.V.","isPartOf":{"@id":"https:\/\/www.spvgg-roehrmoos.de\/wp\/#website"},"primaryImageOfPage":{"@id":"https:\/\/www.spvgg-roehrmoos.de\/wp\/abteilungen\/fussball\/fussball-jugend\/c-jugend\/#primaryimage"},"image":{"@id":"https:\/\/www.spvgg-roehrmoos.de\/wp\/abteilungen\/fussball\/fussball-jugend\/c-jugend\/#primaryimage"},"thumbnailUrl":"https:\/\/www.spvgg-roehrmoos.de\/wp\/wp-content\/uploads\/bild_c1_2017.jpg","datePublished":"2017-04-14T17:13:44+00:00","dateModified":"2025-09-22T11:12:52+00:00","breadcrumb":{"@id":"https:\/\/www.spvgg-roehrmoos.de\/wp\/abteilungen\/fussball\/fussball-jugend\/c-jugend\/#breadcrumb"},"inLanguage":"de","potentialAction":[{"@type":"ReadAction","target":["https:\/\/www.spvgg-roehrmoos.de\/wp\/abteilungen\/fussball\/fussball-jugend\/c-jugend\/"]}]},{"@type":"ImageObject","inLanguage":"de","@id":"https:\/\/www.spvgg-roehrmoos.de\/wp\/abteilungen\/fussball\/fussball-jugend\/c-jugend\/#primaryimage","url":"https:\/\/www.spvgg-roehrmoos.de\/wp\/wp-content\/uploads\/bild_c1_2017.jpg","contentUrl":"https:\/\/www.spvgg-roehrmoos.de\/wp\/wp-content\/uploads\/bild_c1_2017.jpg","width":2909,"height":1940},{"@type":"BreadcrumbList","@id":"https:\/\/www.spvgg-roehrmoos.de\/wp\/abteilungen\/fussball\/fussball-jugend\/c-jugend\/#breadcrumb","itemListElement":[{"@type":"ListItem","position":1,"name":"Startseite","item":"https:\/\/www.spvgg-roehrmoos.de\/wp\/"},{"@type":"ListItem","position":2,"name":"Abteilungen","item":"https:\/\/www.spvgg-roehrmoos.de\/wp\/abteilungen\/"},{"@type":"ListItem","position":3,"name":"Fu\u00dfball","item":"https:\/\/www.spvgg-roehrmoos.de\/wp\/abteilungen\/fussball\/"},{"@type":"ListItem","position":4,"name":"Fu\u00dfball Jugend","item":"https:\/\/www.spvgg-roehrmoos.de\/wp\/abteilungen\/fussball\/fussball-jugend\/"},{"@type":"ListItem","position":5,"name":"C-Jugend"}]},{"@type":"WebSite","@id":"https:\/\/www.spvgg-roehrmoos.de\/wp\/#website","url":"https:\/\/www.spvgg-roehrmoos.de\/wp\/","name":"SpVgg R\u00f6hrmoos-Gro\u00dfinzemoos e.V.","description":"Ihr Sportverein bei Dachau im Norden von M\u00fcnchen","publisher":{"@id":"https:\/\/www.spvgg-roehrmoos.de\/wp\/#organization"},"potentialAction":[{"@type":"SearchAction","target":{"@type":"EntryPoint","urlTemplate":"https:\/\/www.spvgg-roehrmoos.de\/wp\/?s={search_term_string}"},"query-input":{"@type":"PropertyValueSpecification","valueRequired":true,"valueName":"search_term_string"}}],"inLanguage":"de"},{"@type":"Organization","@id":"https:\/\/www.spvgg-roehrmoos.de\/wp\/#organization","name":"SpVgg R\u00f6hrmoos-Gro\u00dfinzemoos e.V.","url":"https:\/\/www.spvgg-roehrmoos.de\/wp\/","logo":{"@type":"ImageObject","inLanguage":"de","@id":"https:\/\/www.spvgg-roehrmoos.de\/wp\/#\/schema\/logo\/image\/","url":"https:\/\/www.spvgg-roehrmoos.de\/wp\/wp-content\/uploads\/logo_260x260.png","contentUrl":"https:\/\/www.spvgg-roehrmoos.de\/wp\/wp-content\/uploads\/logo_260x260.png","width":260,"height":260,"caption":"SpVgg R\u00f6hrmoos-Gro\u00dfinzemoos e.V."},"image":{"@id":"https:\/\/www.spvgg-roehrmoos.de\/wp\/#\/schema\/logo\/image\/"}}]}},"_links":{"self":[{"href":"https:\/\/www.spvgg-roehrmoos.de\/wp\/wp-json\/wp\/v2\/pages\/102","targetHints":{"allow":["GET"]}}],"collection":[{"href":"https:\/\/www.spvgg-roehrmoos.de\/wp\/wp-json\/wp\/v2\/pages"}],"about":[{"href":"https:\/\/www.spvgg-roehrmoos.de\/wp\/wp-json\/wp\/v2\/types\/page"}],"author":[{"embeddable":true,"href":"https:\/\/www.spvgg-roehrmoos.de\/wp\/wp-json\/wp\/v2\/users\/1"}],"replies":[{"embeddable":true,"href":"https:\/\/www.spvgg-roehrmoos.de\/wp\/wp-json\/wp\/v2\/comments?post=102"}],"version-history":[{"count":42,"href":"https:\/\/www.spvgg-roehrmoos.de\/wp\/wp-json\/wp\/v2\/pages\/102\/revisions"}],"predecessor-version":[{"id":7185,"href":"https:\/\/www.spvgg-roehrmoos.de\/wp\/wp-json\/wp\/v2\/pages\/102\/revisions\/7185"}],"up":[{"embeddable":true,"href":"https:\/\/www.spvgg-roehrmoos.de\/wp\/wp-json\/wp\/v2\/pages\/95"}],"wp:featuredmedia":[{"embeddable":true,"href":"https:\/\/www.spvgg-roehrmoos.de\/wp\/wp-json\/wp\/v2\/media\/1050"}],"wp:attachment":[{"href":"https:\/\/www.spvgg-roehrmoos.de\/wp\/wp-json\/wp\/v2\/media?parent=102"}],"curies":[{"name":"wp","href":"https:\/\/api.w.org\/{rel}","templated":true}]}}