{"id":24,"date":"2017-04-04T17:14:59","date_gmt":"2017-04-04T15:14:59","guid":{"rendered":"https:\/\/www.spvgg-roehrmoos.de\/wp\/?page_id=24"},"modified":"2022-10-22T15:46:28","modified_gmt":"2022-10-22T13:46:28","slug":"vereinszeitung-sport-prisma","status":"publish","type":"page","link":"https:\/\/www.spvgg-roehrmoos.de\/wp\/ueber-uns\/vereinszeitung-sport-prisma\/","title":{"rendered":"Vereinszeitung SPORT-PRISMA"},"content":{"rendered":"<div class=\"wpb-content-wrapper\">[vc_row][vc_column][vc_tabs style=&#8220;simple&#8220; responsive=&#8220;false&#8220; container_bg_color=&#8220;#ffffff&#8220;][vc_tab title=&#8220;Aktuelle Ausgabe und Archiv (PDF)&#8220; tab_id=&#8220;1494923759-1-97&#8243;][mk_custom_list title=&#8220;2022&#8243; style=&#8220;mk-moon-point-right&#8220;]\n<ul>\n<li><a href=\"https:\/\/www.spvgg-roehrmoos.de\/wp\/wp-content\/uploads\/sportprisma_72_2022.pdf\" target=\"_blank\" rel=\"noopener noreferrer\">Ausgabe 72 &#8211; Juli 2022<\/a><\/li>\n<\/ul>\n[\/mk_custom_list][mk_custom_list title=&#8220;2021&#8243; style=&#8220;mk-moon-point-right&#8220;]\n<ul>\n<li><a href=\"https:\/\/www.spvgg-roehrmoos.de\/wp\/wp-content\/uploads\/sportprisma_71_2021.pdf\" target=\"_blank\" rel=\"noopener noreferrer\">Ausgabe 71 &#8211; Dezember 2021<\/a><\/li>\n<li><a href=\"https:\/\/www.spvgg-roehrmoos.de\/wp\/wp-content\/uploads\/sportprisma_70_2021.pdf\" target=\"_blank\" rel=\"noopener noreferrer\">Ausgabe 70 &#8211; Juli 2021<\/a><\/li>\n<\/ul>\n[\/mk_custom_list][mk_custom_list title=&#8220;2020&#8243; style=&#8220;mk-moon-point-right&#8220;]\n<ul>\n<li><a href=\"https:\/\/www.spvgg-roehrmoos.de\/wp\/wp-content\/uploads\/sportprisma_69_2020.pdf\" target=\"_blank\" rel=\"noopener noreferrer\">Ausgabe 69 &#8211; Dezember 2020<\/a><\/li>\n<li><a href=\"https:\/\/www.spvgg-roehrmoos.de\/wp\/wp-content\/uploads\/sportprisma_68_2020.pdf\" target=\"_blank\" rel=\"noopener noreferrer\">Ausgabe 68 &#8211; Juli 2020<\/a><\/li>\n<\/ul>\n[\/mk_custom_list][mk_custom_list title=&#8220;2019&#8243; style=&#8220;mk-moon-point-right&#8220;]\n<ul>\n<li><a href=\"https:\/\/www.spvgg-roehrmoos.de\/wp\/wp-content\/uploads\/sportprisma_67_2019.pdf\" target=\"_blank\" rel=\"noopener noreferrer\">Ausgabe 67 &#8211; Dezember 2019<\/a><\/li>\n<li><a href=\"https:\/\/www.spvgg-roehrmoos.de\/wp\/wp-content\/uploads\/sportprisma_66_2019.pdf\" target=\"_blank\" rel=\"noopener noreferrer\">Ausgabe 66 &#8211; Juli 2019<\/a><\/li>\n<\/ul>\n[\/mk_custom_list][mk_custom_list title=&#8220;2018&#8243; style=&#8220;mk-moon-point-right&#8220;]\n<ul>\n<li><a href=\"https:\/\/www.spvgg-roehrmoos.de\/wp\/wp-content\/uploads\/sportprisma_65_2018.pdf\" target=\"_blank\" rel=\"noopener noreferrer\">Ausgabe 65 &#8211; Dezember 2018<\/a><\/li>\n<li><a href=\"https:\/\/www.spvgg-roehrmoos.de\/wp\/wp-content\/uploads\/sportprisma_64_2018.pdf\" target=\"_blank\" rel=\"noopener noreferrer\">Ausgabe 64 &#8211; Juli 2018<\/a><\/li>\n<\/ul>\n[\/mk_custom_list][mk_custom_list title=&#8220;2017&#8243; style=&#8220;mk-moon-point-right&#8220;]\n<ul>\n<li><a href=\"https:\/\/www.spvgg-roehrmoos.de\/wp\/wp-content\/uploads\/sportprisma_63_2017.pdf\" target=\"_blank\" rel=\"noopener noreferrer\">Ausgabe 63 &#8211; Dezember 2017<\/a><\/li>\n<li><a href=\"https:\/\/www.spvgg-roehrmoos.de\/wp\/wp-content\/uploads\/sportprisma_62_2017.pdf\" target=\"_blank\" rel=\"noopener noreferrer\">Ausgabe 62 &#8211; Juli\u00a02017<\/a><\/li>\n<\/ul>\n[\/mk_custom_list][mk_custom_list title=&#8220;2016&#8243; style=&#8220;mk-moon-point-right&#8220;]\n<ul>\n<li><a href=\"https:\/\/www.spvgg-roehrmoos.de\/wp\/wp-content\/uploads\/sportprisma_61_2016.pdf\" target=\"_blank\" rel=\"noopener noreferrer\">Ausgabe 61 &#8211; Dezember 2016<\/a><\/li>\n<li><a href=\"https:\/\/www.spvgg-roehrmoos.de\/wp\/wp-content\/uploads\/sportprisma_60_2016.pdf\" target=\"_blank\" rel=\"noopener noreferrer\">Ausgabe 60 &#8211; Juli 2016<\/a><\/li>\n<\/ul>\n[\/mk_custom_list][mk_custom_list title=&#8220;2015&#8243; style=&#8220;mk-moon-point-right&#8220;]\n<ul>\n<li><a href=\"https:\/\/www.spvgg-roehrmoos.de\/wp\/wp-content\/uploads\/sportprisma_59_2015.pdf\" target=\"_blank\" rel=\"noopener noreferrer\">Ausgabe 59 &#8211; Dezember 2015<\/a><\/li>\n<\/ul>\n[\/mk_custom_list][\/vc_tab][vc_tab title=&#8220;Infos zur Vereinszeitschrift&#8220; tab_id=&#8220;1494923759-2-8&#8243;][vc_text_separator title=&#8220;\u00dcber unsere Vereinszeitschrift&#8220;][vc_column_text]SPORT-PRISMA erscheint mehrmals pro Jahr und wird als Printausgabe kostenlos an alle Haushalte der Gemeinde R\u00f6hrmoos verteilt. SPORT-PRISMA tr\u00e4gt sich selbst. Anzeigen sind ein Kostenbeitrag zur Deckung der Herstellungskosten.[\/vc_column_text][vc_text_separator title=&#8220;Herausgeber&#8220;][vc_column_text]SpVgg R\u00f6hrmoos-Gro\u00dfinzemoos e.V.<br \/>\nArzbacher Str. 4, 85244 R\u00f6hrmoos[\/vc_column_text][vc_text_separator title=&#8220;Redaktion, Gestaltung&#8220;][mk_employees column=&#8220;1&#8243; custom_image_size=&#8220;true&#8220; image_size=&#8220;medium&#8220; rounded_image=&#8220;false&#8220; grayscale_image=&#8220;false&#8220; count=&#8220;1&#8243; employees=&#8220;355&#8243;][vc_text_separator title=&#8220;Lithos und Druck&#8220;][vc_column_text]Gebr. Betz GmbH<br \/>\nHandwerkerstr. 5, 85258 Weichs<br \/>\nTel. 08136 939860[\/vc_column_text][\/vc_tab][\/vc_tabs][\/vc_column][\/vc_row]\n<\/div>","protected":false},"excerpt":{"rendered":"<p>[vc_row][vc_column][vc_tabs style=&#8220;simple&#8220; responsive=&#8220;false&#8220; container_bg_color=&#8220;#ffffff&#8220;][vc_tab title=&#8220;Aktuelle Ausgabe und Archiv (PDF)&#8220; tab_id=&#8220;1494923759-1-97&#8243;][mk_custom_list title=&#8220;2022&#8243; style=&#8220;mk-moon-point-right&#8220;] Ausgabe 72 &#8211; Juli 2022 [\/mk_custom_list][mk_custom_list title=&#8220;2021&#8243; style=&#8220;mk-moon-point-right&#8220;] Ausgabe 71 &#8211; Dezember 2021 Ausgabe 70 &#8211; Juli 2021 [\/mk_custom_list][mk_custom_list title=&#8220;2020&#8243; style=&#8220;mk-moon-point-right&#8220;] Ausgabe 69 &#8211; Dezember 2020 Ausgabe 68 &#8211; Juli 2020 [\/mk_custom_list][mk_custom_list title=&#8220;2019&#8243; style=&#8220;mk-moon-point-right&#8220;] Ausgabe 67 &#8211; Dezember 2019 Ausgabe 66 &#8211; Juli [&hellip;]<\/p>\n","protected":false},"author":1,"featured_media":0,"parent":10,"menu_order":40,"comment_status":"closed","ping_status":"closed","template":"","meta":{"footnotes":""},"class_list":["post-24","page","type-page","status-publish","hentry"],"yoast_head":"<!-- This site is optimized with the Yoast SEO plugin v27.5 - https:\/\/yoast.com\/product\/yoast-seo-wordpress\/ -->\n<title>Vereinszeitung SPORT-PRISMA - SpVgg R\u00f6hrmoos-Gro\u00dfinzemoos e.V.<\/title>\n<meta name=\"robots\" content=\"index, follow, max-snippet:-1, max-image-preview:large, max-video-preview:-1\" \/>\n<link rel=\"canonical\" href=\"https:\/\/www.spvgg-roehrmoos.de\/wp\/ueber-uns\/vereinszeitung-sport-prisma\/\" \/>\n<meta property=\"og:locale\" content=\"de_DE\" \/>\n<meta property=\"og:type\" content=\"article\" \/>\n<meta property=\"og:title\" content=\"Vereinszeitung SPORT-PRISMA - SpVgg R\u00f6hrmoos-Gro\u00dfinzemoos e.V.\" \/>\n<meta property=\"og:description\" content=\"[vc_row][vc_column][vc_tabs style=&#8220;simple&#8220; responsive=&#8220;false&#8220; container_bg_color=&#8220;#ffffff&#8220;][vc_tab title=&#8220;Aktuelle Ausgabe und Archiv (PDF)&#8220; tab_id=&#8220;1494923759-1-97&#8243;][mk_custom_list title=&#8220;2022&#8243; style=&#8220;mk-moon-point-right&#8220;] Ausgabe 72 &#8211; Juli 2022 [\/mk_custom_list][mk_custom_list title=&#8220;2021&#8243; style=&#8220;mk-moon-point-right&#8220;] Ausgabe 71 &#8211; Dezember 2021 Ausgabe 70 &#8211; Juli 2021 [\/mk_custom_list][mk_custom_list title=&#8220;2020&#8243; style=&#8220;mk-moon-point-right&#8220;] Ausgabe 69 &#8211; Dezember 2020 Ausgabe 68 &#8211; Juli 2020 [\/mk_custom_list][mk_custom_list title=&#8220;2019&#8243; style=&#8220;mk-moon-point-right&#8220;] Ausgabe 67 &#8211; Dezember 2019 Ausgabe 66 &#8211; Juli [&hellip;]\" \/>\n<meta property=\"og:url\" content=\"https:\/\/www.spvgg-roehrmoos.de\/wp\/ueber-uns\/vereinszeitung-sport-prisma\/\" \/>\n<meta property=\"og:site_name\" content=\"SpVgg R\u00f6hrmoos-Gro\u00dfinzemoos e.V.\" \/>\n<meta property=\"article:modified_time\" content=\"2022-10-22T13:46:28+00:00\" \/>\n<meta property=\"og:image\" content=\"https:\/\/www.spvgg-roehrmoos.de\/wp\/wp-content\/uploads\/logo_260x260.png\" \/>\n\t<meta property=\"og:image:width\" content=\"260\" \/>\n\t<meta property=\"og:image:height\" content=\"260\" \/>\n\t<meta property=\"og:image:type\" content=\"image\/png\" \/>\n<meta name=\"twitter:card\" content=\"summary_large_image\" \/>\n<meta name=\"twitter:label1\" content=\"Gesch\u00e4tzte Lesezeit\" \/>\n\t<meta name=\"twitter:data1\" content=\"1\u00a0Minute\" \/>\n<script type=\"application\/ld+json\" class=\"yoast-schema-graph\">{\"@context\":\"https:\\\/\\\/schema.org\",\"@graph\":[{\"@type\":\"WebPage\",\"@id\":\"https:\\\/\\\/www.spvgg-roehrmoos.de\\\/wp\\\/ueber-uns\\\/vereinszeitung-sport-prisma\\\/\",\"url\":\"https:\\\/\\\/www.spvgg-roehrmoos.de\\\/wp\\\/ueber-uns\\\/vereinszeitung-sport-prisma\\\/\",\"name\":\"Vereinszeitung SPORT-PRISMA - SpVgg R\u00f6hrmoos-Gro\u00dfinzemoos e.V.\",\"isPartOf\":{\"@id\":\"https:\\\/\\\/www.spvgg-roehrmoos.de\\\/wp\\\/#website\"},\"datePublished\":\"2017-04-04T15:14:59+00:00\",\"dateModified\":\"2022-10-22T13:46:28+00:00\",\"breadcrumb\":{\"@id\":\"https:\\\/\\\/www.spvgg-roehrmoos.de\\\/wp\\\/ueber-uns\\\/vereinszeitung-sport-prisma\\\/#breadcrumb\"},\"inLanguage\":\"de\",\"potentialAction\":[{\"@type\":\"ReadAction\",\"target\":[\"https:\\\/\\\/www.spvgg-roehrmoos.de\\\/wp\\\/ueber-uns\\\/vereinszeitung-sport-prisma\\\/\"]}]},{\"@type\":\"BreadcrumbList\",\"@id\":\"https:\\\/\\\/www.spvgg-roehrmoos.de\\\/wp\\\/ueber-uns\\\/vereinszeitung-sport-prisma\\\/#breadcrumb\",\"itemListElement\":[{\"@type\":\"ListItem\",\"position\":1,\"name\":\"Startseite\",\"item\":\"https:\\\/\\\/www.spvgg-roehrmoos.de\\\/wp\\\/\"},{\"@type\":\"ListItem\",\"position\":2,\"name\":\"\u00dcber uns\",\"item\":\"https:\\\/\\\/www.spvgg-roehrmoos.de\\\/wp\\\/ueber-uns\\\/\"},{\"@type\":\"ListItem\",\"position\":3,\"name\":\"Vereinszeitung SPORT-PRISMA\"}]},{\"@type\":\"WebSite\",\"@id\":\"https:\\\/\\\/www.spvgg-roehrmoos.de\\\/wp\\\/#website\",\"url\":\"https:\\\/\\\/www.spvgg-roehrmoos.de\\\/wp\\\/\",\"name\":\"SpVgg R\u00f6hrmoos-Gro\u00dfinzemoos e.V.\",\"description\":\"Ihr Sportverein bei Dachau im Norden von M\u00fcnchen\",\"publisher\":{\"@id\":\"https:\\\/\\\/www.spvgg-roehrmoos.de\\\/wp\\\/#organization\"},\"potentialAction\":[{\"@type\":\"SearchAction\",\"target\":{\"@type\":\"EntryPoint\",\"urlTemplate\":\"https:\\\/\\\/www.spvgg-roehrmoos.de\\\/wp\\\/?s={search_term_string}\"},\"query-input\":{\"@type\":\"PropertyValueSpecification\",\"valueRequired\":true,\"valueName\":\"search_term_string\"}}],\"inLanguage\":\"de\"},{\"@type\":\"Organization\",\"@id\":\"https:\\\/\\\/www.spvgg-roehrmoos.de\\\/wp\\\/#organization\",\"name\":\"SpVgg R\u00f6hrmoos-Gro\u00dfinzemoos e.V.\",\"url\":\"https:\\\/\\\/www.spvgg-roehrmoos.de\\\/wp\\\/\",\"logo\":{\"@type\":\"ImageObject\",\"inLanguage\":\"de\",\"@id\":\"https:\\\/\\\/www.spvgg-roehrmoos.de\\\/wp\\\/#\\\/schema\\\/logo\\\/image\\\/\",\"url\":\"https:\\\/\\\/www.spvgg-roehrmoos.de\\\/wp\\\/wp-content\\\/uploads\\\/logo_260x260.png\",\"contentUrl\":\"https:\\\/\\\/www.spvgg-roehrmoos.de\\\/wp\\\/wp-content\\\/uploads\\\/logo_260x260.png\",\"width\":260,\"height\":260,\"caption\":\"SpVgg R\u00f6hrmoos-Gro\u00dfinzemoos e.V.\"},\"image\":{\"@id\":\"https:\\\/\\\/www.spvgg-roehrmoos.de\\\/wp\\\/#\\\/schema\\\/logo\\\/image\\\/\"}}]}<\/script>\n<!-- \/ Yoast SEO plugin. -->","yoast_head_json":{"title":"Vereinszeitung SPORT-PRISMA - SpVgg R\u00f6hrmoos-Gro\u00dfinzemoos e.V.","robots":{"index":"index","follow":"follow","max-snippet":"max-snippet:-1","max-image-preview":"max-image-preview:large","max-video-preview":"max-video-preview:-1"},"canonical":"https:\/\/www.spvgg-roehrmoos.de\/wp\/ueber-uns\/vereinszeitung-sport-prisma\/","og_locale":"de_DE","og_type":"article","og_title":"Vereinszeitung SPORT-PRISMA - SpVgg R\u00f6hrmoos-Gro\u00dfinzemoos e.V.","og_description":"[vc_row][vc_column][vc_tabs style=&#8220;simple&#8220; responsive=&#8220;false&#8220; container_bg_color=&#8220;#ffffff&#8220;][vc_tab title=&#8220;Aktuelle Ausgabe und Archiv (PDF)&#8220; tab_id=&#8220;1494923759-1-97&#8243;][mk_custom_list title=&#8220;2022&#8243; style=&#8220;mk-moon-point-right&#8220;] Ausgabe 72 &#8211; Juli 2022 [\/mk_custom_list][mk_custom_list title=&#8220;2021&#8243; style=&#8220;mk-moon-point-right&#8220;] Ausgabe 71 &#8211; Dezember 2021 Ausgabe 70 &#8211; Juli 2021 [\/mk_custom_list][mk_custom_list title=&#8220;2020&#8243; style=&#8220;mk-moon-point-right&#8220;] Ausgabe 69 &#8211; Dezember 2020 Ausgabe 68 &#8211; Juli 2020 [\/mk_custom_list][mk_custom_list title=&#8220;2019&#8243; style=&#8220;mk-moon-point-right&#8220;] Ausgabe 67 &#8211; Dezember 2019 Ausgabe 66 &#8211; Juli [&hellip;]","og_url":"https:\/\/www.spvgg-roehrmoos.de\/wp\/ueber-uns\/vereinszeitung-sport-prisma\/","og_site_name":"SpVgg R\u00f6hrmoos-Gro\u00dfinzemoos e.V.","article_modified_time":"2022-10-22T13:46:28+00:00","og_image":[{"width":260,"height":260,"url":"https:\/\/www.spvgg-roehrmoos.de\/wp\/wp-content\/uploads\/logo_260x260.png","type":"image\/png"}],"twitter_card":"summary_large_image","twitter_misc":{"Gesch\u00e4tzte Lesezeit":"1\u00a0Minute"},"schema":{"@context":"https:\/\/schema.org","@graph":[{"@type":"WebPage","@id":"https:\/\/www.spvgg-roehrmoos.de\/wp\/ueber-uns\/vereinszeitung-sport-prisma\/","url":"https:\/\/www.spvgg-roehrmoos.de\/wp\/ueber-uns\/vereinszeitung-sport-prisma\/","name":"Vereinszeitung SPORT-PRISMA - SpVgg R\u00f6hrmoos-Gro\u00dfinzemoos e.V.","isPartOf":{"@id":"https:\/\/www.spvgg-roehrmoos.de\/wp\/#website"},"datePublished":"2017-04-04T15:14:59+00:00","dateModified":"2022-10-22T13:46:28+00:00","breadcrumb":{"@id":"https:\/\/www.spvgg-roehrmoos.de\/wp\/ueber-uns\/vereinszeitung-sport-prisma\/#breadcrumb"},"inLanguage":"de","potentialAction":[{"@type":"ReadAction","target":["https:\/\/www.spvgg-roehrmoos.de\/wp\/ueber-uns\/vereinszeitung-sport-prisma\/"]}]},{"@type":"BreadcrumbList","@id":"https:\/\/www.spvgg-roehrmoos.de\/wp\/ueber-uns\/vereinszeitung-sport-prisma\/#breadcrumb","itemListElement":[{"@type":"ListItem","position":1,"name":"Startseite","item":"https:\/\/www.spvgg-roehrmoos.de\/wp\/"},{"@type":"ListItem","position":2,"name":"\u00dcber uns","item":"https:\/\/www.spvgg-roehrmoos.de\/wp\/ueber-uns\/"},{"@type":"ListItem","position":3,"name":"Vereinszeitung SPORT-PRISMA"}]},{"@type":"WebSite","@id":"https:\/\/www.spvgg-roehrmoos.de\/wp\/#website","url":"https:\/\/www.spvgg-roehrmoos.de\/wp\/","name":"SpVgg R\u00f6hrmoos-Gro\u00dfinzemoos e.V.","description":"Ihr Sportverein bei Dachau im Norden von M\u00fcnchen","publisher":{"@id":"https:\/\/www.spvgg-roehrmoos.de\/wp\/#organization"},"potentialAction":[{"@type":"SearchAction","target":{"@type":"EntryPoint","urlTemplate":"https:\/\/www.spvgg-roehrmoos.de\/wp\/?s={search_term_string}"},"query-input":{"@type":"PropertyValueSpecification","valueRequired":true,"valueName":"search_term_string"}}],"inLanguage":"de"},{"@type":"Organization","@id":"https:\/\/www.spvgg-roehrmoos.de\/wp\/#organization","name":"SpVgg R\u00f6hrmoos-Gro\u00dfinzemoos e.V.","url":"https:\/\/www.spvgg-roehrmoos.de\/wp\/","logo":{"@type":"ImageObject","inLanguage":"de","@id":"https:\/\/www.spvgg-roehrmoos.de\/wp\/#\/schema\/logo\/image\/","url":"https:\/\/www.spvgg-roehrmoos.de\/wp\/wp-content\/uploads\/logo_260x260.png","contentUrl":"https:\/\/www.spvgg-roehrmoos.de\/wp\/wp-content\/uploads\/logo_260x260.png","width":260,"height":260,"caption":"SpVgg R\u00f6hrmoos-Gro\u00dfinzemoos e.V."},"image":{"@id":"https:\/\/www.spvgg-roehrmoos.de\/wp\/#\/schema\/logo\/image\/"}}]}},"_links":{"self":[{"href":"https:\/\/www.spvgg-roehrmoos.de\/wp\/wp-json\/wp\/v2\/pages\/24","targetHints":{"allow":["GET"]}}],"collection":[{"href":"https:\/\/www.spvgg-roehrmoos.de\/wp\/wp-json\/wp\/v2\/pages"}],"about":[{"href":"https:\/\/www.spvgg-roehrmoos.de\/wp\/wp-json\/wp\/v2\/types\/page"}],"author":[{"embeddable":true,"href":"https:\/\/www.spvgg-roehrmoos.de\/wp\/wp-json\/wp\/v2\/users\/1"}],"replies":[{"embeddable":true,"href":"https:\/\/www.spvgg-roehrmoos.de\/wp\/wp-json\/wp\/v2\/comments?post=24"}],"version-history":[{"count":12,"href":"https:\/\/www.spvgg-roehrmoos.de\/wp\/wp-json\/wp\/v2\/pages\/24\/revisions"}],"predecessor-version":[{"id":5130,"href":"https:\/\/www.spvgg-roehrmoos.de\/wp\/wp-json\/wp\/v2\/pages\/24\/revisions\/5130"}],"up":[{"embeddable":true,"href":"https:\/\/www.spvgg-roehrmoos.de\/wp\/wp-json\/wp\/v2\/pages\/10"}],"wp:attachment":[{"href":"https:\/\/www.spvgg-roehrmoos.de\/wp\/wp-json\/wp\/v2\/media?parent=24"}],"curies":[{"name":"wp","href":"https:\/\/api.w.org\/{rel}","templated":true}]}}