{"id":7510,"date":"2026-01-23T15:16:54","date_gmt":"2026-01-23T14:16:54","guid":{"rendered":"https:\/\/www.spvgg-roehrmoos.de\/wp\/?page_id=7510"},"modified":"2026-02-12T14:52:30","modified_gmt":"2026-02-12T13:52:30","slug":"fanshop","status":"publish","type":"page","link":"https:\/\/www.spvgg-roehrmoos.de\/wp\/fanshop\/","title":{"rendered":"Fanshop"},"content":{"rendered":"<div class=\"wpb-content-wrapper\">[vc_row][vc_column width=&#8220;1\/2&#8243;][mk_image heading_title=&#8220;Jetzt SpVgg Fanartikel bestellen!&#8220; src=&#8220;https:\/\/www.spvgg-roehrmoos.de\/wp\/wp-content\/uploads\/fanshop800x684.jpg&#8220; image_size=&#8220;full&#8220; frame_style=&#8220;border_shadow&#8220; link=&#8220;https:\/\/spvgg-roehrmoos.fan12.de\/&#8220; target=&#8220;_blank&#8220; align=&#8220;center&#8220;][vc_column_text disable_pattern=&#8220;false&#8220; css=&#8220;.vc_custom_1769168791911{margin-bottom: 0px !important;}&#8220;]Hinweis: Die komplette Bestellung und Bezahlung wird \u00fcber unseren Partner &#8222;Fan12 GmbH &amp; Co. KG&#8220; abgewickelt. Auch f\u00fcr eventuelle Retouren und Reklamationen ist &#8222;Fan12&#8243; der direkte Ansprechpartner.[\/vc_column_text][mk_button dimension=&#8220;flat&#8220; corner_style=&#8220;full_rounded&#8220; size=&#8220;medium&#8220; url=&#8220;https:\/\/spvgg-roehrmoos.fan12.de\/&#8220; target=&#8220;_blank&#8220; align=&#8220;center&#8220;]Jetzt in unserem Fanshop bestellen[\/mk_button][\/vc_column][vc_column width=&#8220;1\/2&#8243;][vc_images_carousel images=&#8220;7517,7516,7515,7514,7513&#8243; img_size=&#8220;full&#8220; onclick=&#8220;custom_link&#8220; custom_links_target=&#8220;_blank&#8220; speed=&#8220;4000&#8243; autoplay=&#8220;yes&#8220; hide_pagination_control=&#8220;yes&#8220; wrap=&#8220;yes&#8220; css=&#8220;&#8220; custom_links=&#8220;#E-8_aHR0cHMlM0ElMkYlMkZzcHZnZy1yb2Vocm1vb3MuZmFuMTIuZGUlMkYlMkNodHRwcyUzQSUyRiUyRnNwdmdnLXJvZWhybW9vcy5mYW4xMi5kZSUyRiUyQ2h0dHBzJTNBJTJGJTJGc3B2Z2ctcm9laHJtb29zLmZhbjEyLmRlJTJGJTJDaHR0cHMlM0ElMkYlMkZzcHZnZy1yb2Vocm1vb3MuZmFuMTIuZGUlMkYlMkNodHRwcyUzQSUyRiUyRnNwdmdnLXJvZWhybW9vcy5mYW4xMi5kZSUyRg==&#8220;][\/vc_column][\/vc_row]\n<\/div>","protected":false},"excerpt":{"rendered":"<p>[vc_row][vc_column width=&#8220;1\/2&#8243;][mk_image heading_title=&#8220;Jetzt SpVgg Fanartikel bestellen!&#8220; src=&#8220;https:\/\/www.spvgg-roehrmoos.de\/wp\/wp-content\/uploads\/fanshop800x684.jpg&#8220; image_size=&#8220;full&#8220; frame_style=&#8220;border_shadow&#8220; link=&#8220;https:\/\/spvgg-roehrmoos.fan12.de\/&#8220; target=&#8220;_blank&#8220; align=&#8220;center&#8220;][vc_column_text disable_pattern=&#8220;false&#8220; css=&#8220;.vc_custom_1769168791911{margin-bottom: 0px !important;}&#8220;]Hinweis: Die komplette Bestellung und Bezahlung wird \u00fcber unseren Partner &#8222;Fan12 GmbH &amp; Co. KG&#8220; abgewickelt. Auch f\u00fcr eventuelle Retouren und Reklamationen ist &#8222;Fan12&#8243; der direkte Ansprechpartner.[\/vc_column_text][mk_button dimension=&#8220;flat&#8220; corner_style=&#8220;full_rounded&#8220; size=&#8220;medium&#8220; url=&#8220;https:\/\/spvgg-roehrmoos.fan12.de\/&#8220; target=&#8220;_blank&#8220; align=&#8220;center&#8220;]Jetzt in unserem Fanshop bestellen[\/mk_button][\/vc_column][vc_column width=&#8220;1\/2&#8243;][vc_images_carousel images=&#8220;7517,7516,7515,7514,7513&#8243; img_size=&#8220;full&#8220; [&hellip;]<\/p>\n","protected":false},"author":1,"featured_media":0,"parent":0,"menu_order":5,"comment_status":"closed","ping_status":"closed","template":"","meta":{"footnotes":""},"class_list":["post-7510","page","type-page","status-publish","hentry"],"yoast_head":"<!-- This site is optimized with the Yoast SEO plugin v27.4 - https:\/\/yoast.com\/product\/yoast-seo-wordpress\/ -->\n<title>Fanshop - SpVgg R\u00f6hrmoos-Gro\u00dfinzemoos e.V.<\/title>\n<meta name=\"description\" content=\"Entdecke unser gro\u00dfes SpVgg-Fanshop Produktsortiment f\u00fcr Herren, Damen &amp; Kinder. Du suchst nach einem passenden Geschenk? Dann schau doch mal bei unseren Accessoires vorbei!\" \/>\n<meta name=\"robots\" content=\"index, follow, max-snippet:-1, max-image-preview:large, max-video-preview:-1\" \/>\n<link rel=\"canonical\" href=\"https:\/\/www.spvgg-roehrmoos.de\/wp\/fanshop\/\" \/>\n<meta property=\"og:locale\" content=\"de_DE\" \/>\n<meta property=\"og:type\" content=\"article\" \/>\n<meta property=\"og:title\" content=\"Fanshop - SpVgg R\u00f6hrmoos-Gro\u00dfinzemoos e.V.\" \/>\n<meta property=\"og:description\" content=\"Entdecke unser gro\u00dfes SpVgg-Fanshop Produktsortiment f\u00fcr Herren, Damen &amp; Kinder. Du suchst nach einem passenden Geschenk? Dann schau doch mal bei unseren Accessoires vorbei!\" \/>\n<meta property=\"og:url\" content=\"https:\/\/www.spvgg-roehrmoos.de\/wp\/fanshop\/\" \/>\n<meta property=\"og:site_name\" content=\"SpVgg R\u00f6hrmoos-Gro\u00dfinzemoos e.V.\" \/>\n<meta property=\"article:modified_time\" content=\"2026-02-12T13:52:30+00:00\" \/>\n<meta property=\"og:image\" content=\"https:\/\/www.spvgg-roehrmoos.de\/wp\/wp-content\/uploads\/logo_260x260.png\" \/>\n\t<meta property=\"og:image:width\" content=\"260\" \/>\n\t<meta property=\"og:image:height\" content=\"260\" \/>\n\t<meta property=\"og:image:type\" content=\"image\/png\" \/>\n<meta name=\"twitter:card\" content=\"summary_large_image\" \/>\n<meta name=\"twitter:label1\" content=\"Gesch\u00e4tzte Lesezeit\" \/>\n\t<meta name=\"twitter:data1\" content=\"2\u00a0Minuten\" \/>\n<script type=\"application\/ld+json\" class=\"yoast-schema-graph\">{\"@context\":\"https:\\\/\\\/schema.org\",\"@graph\":[{\"@type\":\"WebPage\",\"@id\":\"https:\\\/\\\/www.spvgg-roehrmoos.de\\\/wp\\\/fanshop\\\/\",\"url\":\"https:\\\/\\\/www.spvgg-roehrmoos.de\\\/wp\\\/fanshop\\\/\",\"name\":\"Fanshop - SpVgg R\u00f6hrmoos-Gro\u00dfinzemoos e.V.\",\"isPartOf\":{\"@id\":\"https:\\\/\\\/www.spvgg-roehrmoos.de\\\/wp\\\/#website\"},\"datePublished\":\"2026-01-23T14:16:54+00:00\",\"dateModified\":\"2026-02-12T13:52:30+00:00\",\"description\":\"Entdecke unser gro\u00dfes SpVgg-Fanshop Produktsortiment f\u00fcr Herren, Damen & Kinder. Du suchst nach einem passenden Geschenk? Dann schau doch mal bei unseren Accessoires vorbei!\",\"breadcrumb\":{\"@id\":\"https:\\\/\\\/www.spvgg-roehrmoos.de\\\/wp\\\/fanshop\\\/#breadcrumb\"},\"inLanguage\":\"de\",\"potentialAction\":[{\"@type\":\"ReadAction\",\"target\":[\"https:\\\/\\\/www.spvgg-roehrmoos.de\\\/wp\\\/fanshop\\\/\"]}]},{\"@type\":\"BreadcrumbList\",\"@id\":\"https:\\\/\\\/www.spvgg-roehrmoos.de\\\/wp\\\/fanshop\\\/#breadcrumb\",\"itemListElement\":[{\"@type\":\"ListItem\",\"position\":1,\"name\":\"Startseite\",\"item\":\"https:\\\/\\\/www.spvgg-roehrmoos.de\\\/wp\\\/\"},{\"@type\":\"ListItem\",\"position\":2,\"name\":\"Fanshop\"}]},{\"@type\":\"WebSite\",\"@id\":\"https:\\\/\\\/www.spvgg-roehrmoos.de\\\/wp\\\/#website\",\"url\":\"https:\\\/\\\/www.spvgg-roehrmoos.de\\\/wp\\\/\",\"name\":\"SpVgg R\u00f6hrmoos-Gro\u00dfinzemoos e.V.\",\"description\":\"Ihr Sportverein bei Dachau im Norden von M\u00fcnchen\",\"publisher\":{\"@id\":\"https:\\\/\\\/www.spvgg-roehrmoos.de\\\/wp\\\/#organization\"},\"potentialAction\":[{\"@type\":\"SearchAction\",\"target\":{\"@type\":\"EntryPoint\",\"urlTemplate\":\"https:\\\/\\\/www.spvgg-roehrmoos.de\\\/wp\\\/?s={search_term_string}\"},\"query-input\":{\"@type\":\"PropertyValueSpecification\",\"valueRequired\":true,\"valueName\":\"search_term_string\"}}],\"inLanguage\":\"de\"},{\"@type\":\"Organization\",\"@id\":\"https:\\\/\\\/www.spvgg-roehrmoos.de\\\/wp\\\/#organization\",\"name\":\"SpVgg R\u00f6hrmoos-Gro\u00dfinzemoos e.V.\",\"url\":\"https:\\\/\\\/www.spvgg-roehrmoos.de\\\/wp\\\/\",\"logo\":{\"@type\":\"ImageObject\",\"inLanguage\":\"de\",\"@id\":\"https:\\\/\\\/www.spvgg-roehrmoos.de\\\/wp\\\/#\\\/schema\\\/logo\\\/image\\\/\",\"url\":\"https:\\\/\\\/www.spvgg-roehrmoos.de\\\/wp\\\/wp-content\\\/uploads\\\/logo_260x260.png\",\"contentUrl\":\"https:\\\/\\\/www.spvgg-roehrmoos.de\\\/wp\\\/wp-content\\\/uploads\\\/logo_260x260.png\",\"width\":260,\"height\":260,\"caption\":\"SpVgg R\u00f6hrmoos-Gro\u00dfinzemoos e.V.\"},\"image\":{\"@id\":\"https:\\\/\\\/www.spvgg-roehrmoos.de\\\/wp\\\/#\\\/schema\\\/logo\\\/image\\\/\"}}]}<\/script>\n<!-- \/ Yoast SEO plugin. -->","yoast_head_json":{"title":"Fanshop - SpVgg R\u00f6hrmoos-Gro\u00dfinzemoos e.V.","description":"Entdecke unser gro\u00dfes SpVgg-Fanshop Produktsortiment f\u00fcr Herren, Damen & Kinder. Du suchst nach einem passenden Geschenk? Dann schau doch mal bei unseren Accessoires vorbei!","robots":{"index":"index","follow":"follow","max-snippet":"max-snippet:-1","max-image-preview":"max-image-preview:large","max-video-preview":"max-video-preview:-1"},"canonical":"https:\/\/www.spvgg-roehrmoos.de\/wp\/fanshop\/","og_locale":"de_DE","og_type":"article","og_title":"Fanshop - SpVgg R\u00f6hrmoos-Gro\u00dfinzemoos e.V.","og_description":"Entdecke unser gro\u00dfes SpVgg-Fanshop Produktsortiment f\u00fcr Herren, Damen & Kinder. Du suchst nach einem passenden Geschenk? Dann schau doch mal bei unseren Accessoires vorbei!","og_url":"https:\/\/www.spvgg-roehrmoos.de\/wp\/fanshop\/","og_site_name":"SpVgg R\u00f6hrmoos-Gro\u00dfinzemoos e.V.","article_modified_time":"2026-02-12T13:52:30+00:00","og_image":[{"width":260,"height":260,"url":"https:\/\/www.spvgg-roehrmoos.de\/wp\/wp-content\/uploads\/logo_260x260.png","type":"image\/png"}],"twitter_card":"summary_large_image","twitter_misc":{"Gesch\u00e4tzte Lesezeit":"2\u00a0Minuten"},"schema":{"@context":"https:\/\/schema.org","@graph":[{"@type":"WebPage","@id":"https:\/\/www.spvgg-roehrmoos.de\/wp\/fanshop\/","url":"https:\/\/www.spvgg-roehrmoos.de\/wp\/fanshop\/","name":"Fanshop - SpVgg R\u00f6hrmoos-Gro\u00dfinzemoos e.V.","isPartOf":{"@id":"https:\/\/www.spvgg-roehrmoos.de\/wp\/#website"},"datePublished":"2026-01-23T14:16:54+00:00","dateModified":"2026-02-12T13:52:30+00:00","description":"Entdecke unser gro\u00dfes SpVgg-Fanshop Produktsortiment f\u00fcr Herren, Damen & Kinder. Du suchst nach einem passenden Geschenk? Dann schau doch mal bei unseren Accessoires vorbei!","breadcrumb":{"@id":"https:\/\/www.spvgg-roehrmoos.de\/wp\/fanshop\/#breadcrumb"},"inLanguage":"de","potentialAction":[{"@type":"ReadAction","target":["https:\/\/www.spvgg-roehrmoos.de\/wp\/fanshop\/"]}]},{"@type":"BreadcrumbList","@id":"https:\/\/www.spvgg-roehrmoos.de\/wp\/fanshop\/#breadcrumb","itemListElement":[{"@type":"ListItem","position":1,"name":"Startseite","item":"https:\/\/www.spvgg-roehrmoos.de\/wp\/"},{"@type":"ListItem","position":2,"name":"Fanshop"}]},{"@type":"WebSite","@id":"https:\/\/www.spvgg-roehrmoos.de\/wp\/#website","url":"https:\/\/www.spvgg-roehrmoos.de\/wp\/","name":"SpVgg R\u00f6hrmoos-Gro\u00dfinzemoos e.V.","description":"Ihr Sportverein bei Dachau im Norden von M\u00fcnchen","publisher":{"@id":"https:\/\/www.spvgg-roehrmoos.de\/wp\/#organization"},"potentialAction":[{"@type":"SearchAction","target":{"@type":"EntryPoint","urlTemplate":"https:\/\/www.spvgg-roehrmoos.de\/wp\/?s={search_term_string}"},"query-input":{"@type":"PropertyValueSpecification","valueRequired":true,"valueName":"search_term_string"}}],"inLanguage":"de"},{"@type":"Organization","@id":"https:\/\/www.spvgg-roehrmoos.de\/wp\/#organization","name":"SpVgg R\u00f6hrmoos-Gro\u00dfinzemoos e.V.","url":"https:\/\/www.spvgg-roehrmoos.de\/wp\/","logo":{"@type":"ImageObject","inLanguage":"de","@id":"https:\/\/www.spvgg-roehrmoos.de\/wp\/#\/schema\/logo\/image\/","url":"https:\/\/www.spvgg-roehrmoos.de\/wp\/wp-content\/uploads\/logo_260x260.png","contentUrl":"https:\/\/www.spvgg-roehrmoos.de\/wp\/wp-content\/uploads\/logo_260x260.png","width":260,"height":260,"caption":"SpVgg R\u00f6hrmoos-Gro\u00dfinzemoos e.V."},"image":{"@id":"https:\/\/www.spvgg-roehrmoos.de\/wp\/#\/schema\/logo\/image\/"}}]}},"_links":{"self":[{"href":"https:\/\/www.spvgg-roehrmoos.de\/wp\/wp-json\/wp\/v2\/pages\/7510","targetHints":{"allow":["GET"]}}],"collection":[{"href":"https:\/\/www.spvgg-roehrmoos.de\/wp\/wp-json\/wp\/v2\/pages"}],"about":[{"href":"https:\/\/www.spvgg-roehrmoos.de\/wp\/wp-json\/wp\/v2\/types\/page"}],"author":[{"embeddable":true,"href":"https:\/\/www.spvgg-roehrmoos.de\/wp\/wp-json\/wp\/v2\/users\/1"}],"replies":[{"embeddable":true,"href":"https:\/\/www.spvgg-roehrmoos.de\/wp\/wp-json\/wp\/v2\/comments?post=7510"}],"version-history":[{"count":25,"href":"https:\/\/www.spvgg-roehrmoos.de\/wp\/wp-json\/wp\/v2\/pages\/7510\/revisions"}],"predecessor-version":[{"id":7581,"href":"https:\/\/www.spvgg-roehrmoos.de\/wp\/wp-json\/wp\/v2\/pages\/7510\/revisions\/7581"}],"wp:attachment":[{"href":"https:\/\/www.spvgg-roehrmoos.de\/wp\/wp-json\/wp\/v2\/media?parent=7510"}],"curies":[{"name":"wp","href":"https:\/\/api.w.org\/{rel}","templated":true}]}}